{"id":3255,"date":"2025-03-25T09:52:15","date_gmt":"2025-03-25T09:52:15","guid":{"rendered":"https:\/\/villa-bellevue.si\/\/pravilnik-o-piskotkih\/"},"modified":"2025-12-01T22:19:09","modified_gmt":"2025-12-01T22:19:09","slug":"pravilnik-o-piskotkih","status":"publish","type":"page","link":"https:\/\/villa-bellevue.si\/sl\/pravilnik-o-piskotkih\/","title":{"rendered":"Pravilnik o pi\u0161kotkih"},"content":{"rendered":"\t\t<div data-elementor-type=\"wp-page\" data-elementor-id=\"3255\" class=\"elementor elementor-3255 elementor-125\" data-elementor-post-type=\"page\">\n\t\t\t\t<section class=\"elementor-element elementor-element-5f71c18 standard-container e-flex e-con-boxed e-con e-parent\" data-id=\"5f71c18\" data-element_type=\"container\" data-e-type=\"container\" data-settings=\"{&quot;background_background&quot;:&quot;classic&quot;,&quot;jet_parallax_layout_list&quot;:[]}\">\n\t\t\t\t\t<div class=\"e-con-inner\">\n\t\t<div class=\"elementor-element elementor-element-bda6701 e-con-full e-flex e-con e-child\" data-id=\"bda6701\" data-element_type=\"container\" data-e-type=\"container\" data-settings=\"{&quot;jet_parallax_layout_list&quot;:[]}\">\n\t\t\t\t<div class=\"elementor-element elementor-element-788b613 elementor-absolute elementor-view-default elementor-widget elementor-widget-icon\" data-id=\"788b613\" data-element_type=\"widget\" data-e-type=\"widget\" data-settings=\"{&quot;_position&quot;:&quot;absolute&quot;}\" data-widget_type=\"icon.default\">\n\t\t\t\t<div class=\"elementor-widget-container\">\n\t\t\t\t\t\t\t<div class=\"elementor-icon-wrapper\">\n\t\t\t<div class=\"elementor-icon\">\n\t\t\t<svg xmlns=\"http:\/\/www.w3.org\/2000\/svg\" width=\"273\" height=\"287\" viewBox=\"0 0 273 287\" fill=\"none\"><path opacity=\"0.05\" fill-rule=\"evenodd\" clip-rule=\"evenodd\" d=\"M242.442 190.157C230.822 178.559 209.92 164.554 209.627 150.184C209.335 135.158 235.791 111.671 245.292 100.219C253.112 90.8091 286.293 55.1401 261.005 47.4082C228.995 37.6339 196.691 103.72 166.873 94.5292C145.898 88.0373 142.17 -5.84 111.256 0.287189C96.9311 3.13196 101.389 44.4175 102.705 55.9425C104.678 73.6676 114.837 103.793 107.017 115.901C100.658 125.749 69.0859 127.864 51.3995 131.584C39.8521 133.991 0.898181 136.836 0.0211686 153.029C-1.65977 185.27 97.2965 157.625 108.405 178.705C114.691 190.595 104.166 215.687 99.8544 232.974C97.735 241.582 85.0914 278.345 98.4658 285.785C103.728 288.703 111.621 285.931 117.541 282.065C124.045 277.834 140.709 255.149 145.678 243.186C154.01 223.273 159.272 200.88 176.885 198.764C203.78 195.482 228.337 248.584 262.467 241.582C293.382 235.236 246.827 194.534 242.515 190.157H242.442ZM153.206 135.377C147.213 135.158 142.17 139.9 142.024 145.881C141.805 151.862 146.555 156.895 152.475 157.114C158.468 157.333 163.511 152.592 163.657 146.61C163.876 140.629 159.126 135.596 153.206 135.377ZM176.301 154.853C171.039 154.707 166.581 158.792 166.434 164.117C166.288 169.368 170.381 173.818 175.716 174.037C180.978 174.183 185.436 170.098 185.582 164.773C185.729 159.521 181.636 155.072 176.301 154.853ZM199.468 174.401C194.864 174.256 191.064 177.83 190.918 182.425C190.771 187.021 194.353 190.887 198.957 191.032C203.561 191.178 207.362 187.604 207.508 183.009C207.654 178.413 204.073 174.62 199.468 174.474V174.401ZM222.563 193.95C218.69 193.804 215.401 196.868 215.328 200.734C215.182 204.6 218.251 207.882 222.125 207.955C225.998 208.101 229.214 205.037 229.36 201.171C229.506 197.305 226.437 194.023 222.563 193.95ZM245.731 213.499C242.588 213.426 239.884 215.906 239.811 219.042C239.665 222.179 242.223 224.878 245.365 224.951C248.508 225.024 251.212 222.544 251.285 219.407C251.431 216.271 248.874 213.572 245.731 213.499ZM166.727 125.165C165.557 129.979 168.481 134.867 173.304 136.034C178.128 137.201 182.951 134.283 184.121 129.469C185.29 124.655 182.367 119.84 177.543 118.6C172.72 117.433 167.896 120.351 166.727 125.165ZM191.21 106.638C190.26 110.431 192.599 114.224 196.399 115.172C200.199 116.12 204 113.786 204.95 109.993C205.9 106.2 203.561 102.407 199.761 101.459C195.96 100.51 192.16 102.845 191.21 106.638ZM215.693 88.1832C215.035 90.955 216.716 93.7268 219.494 94.4562C222.271 95.1127 225.048 93.435 225.779 90.6632C226.437 87.8914 224.756 85.1196 221.978 84.3901C219.201 83.7337 216.424 85.4113 215.766 88.1832H215.693ZM240.176 69.7287C239.738 71.4793 240.834 73.2299 242.588 73.6676C244.342 74.1052 246.096 73.0111 246.535 71.2605C246.973 69.5098 245.877 67.6863 244.123 67.3215C242.369 66.8839 240.615 67.978 240.176 69.7287ZM150.575 173.234C149.186 168.493 144.217 165.721 139.466 167.107C134.716 168.493 131.939 173.453 133.327 178.194C134.716 182.936 139.685 185.708 144.436 184.322C149.186 182.936 151.964 177.976 150.575 173.234ZM137.858 203.287C136.762 199.567 132.889 197.378 129.088 198.473C125.361 199.567 123.168 203.433 124.265 207.226C125.361 210.946 129.234 213.134 133.035 212.04C136.762 210.946 138.955 207.08 137.858 203.287ZM125.142 233.339C124.338 230.567 121.487 229.036 118.71 229.765C115.933 230.567 114.398 233.412 115.202 236.184C116.006 238.956 118.856 240.488 121.561 239.758C124.338 238.956 125.872 236.111 125.142 233.339ZM112.425 263.319C111.913 261.568 110.086 260.62 108.332 261.057C106.578 261.568 105.555 263.392 106.067 265.142C106.578 266.893 108.405 267.914 110.159 267.403C111.913 266.893 112.863 265.069 112.425 263.319ZM126.384 154.707C130.258 151.57 130.842 145.954 127.7 142.088C124.557 138.222 118.929 137.638 115.056 140.775C111.183 143.911 110.598 149.528 113.74 153.394C116.883 157.26 122.511 157.843 126.311 154.707H126.384ZM93.1307 154.707C96.1272 152.227 96.6387 147.777 94.1539 144.787C91.669 141.796 87.2839 141.285 84.2144 143.766C81.1448 146.246 80.7063 150.695 83.1912 153.686C85.6761 156.749 90.0611 157.187 93.1307 154.707ZM59.9504 154.78C62.1429 152.956 62.5083 149.747 60.6812 147.486C58.8541 145.297 55.6384 144.933 53.3728 146.756C51.1802 148.58 50.8148 151.789 52.6419 154.05C54.469 156.239 57.6847 156.603 59.8773 154.78H59.9504ZM26.697 154.853C28.0856 153.686 28.3048 151.643 27.2085 150.257C26.0392 148.872 23.9929 148.653 22.6042 149.747C21.2156 150.914 20.9964 152.956 22.0927 154.342C23.262 155.728 25.3084 155.947 26.697 154.853ZM138.078 120.497C141.951 123.56 147.579 122.831 150.648 118.965C153.718 115.026 152.987 109.41 149.113 106.419C145.24 103.355 139.612 104.085 136.543 107.951C133.546 111.89 134.204 117.506 138.078 120.497ZM129.965 86.1408C133.035 88.5479 137.493 87.9643 139.905 84.9007C142.316 81.8372 141.732 77.3876 138.662 74.9805C135.593 72.5734 131.135 73.157 128.723 76.2206C126.311 79.2842 126.896 83.7337 129.965 86.1408ZM121.926 51.8577C124.192 53.6083 127.407 53.2436 129.161 50.9824C130.915 48.7212 130.55 45.4387 128.284 43.6881C126.019 41.9375 122.803 42.3022 121.049 44.5634C119.295 46.8246 119.66 50.0341 121.926 51.8577ZM113.814 17.5746C115.202 18.6688 117.322 18.4499 118.418 16.9911C119.514 15.5322 119.295 13.4898 117.833 12.3957C116.372 11.3015 114.325 11.5204 113.229 12.9792C112.133 14.4381 112.352 16.4805 113.814 17.5746Z\" fill=\"#91D5E2\"><\/path><\/svg>\t\t\t<\/div>\n\t\t<\/div>\n\t\t\t\t\t\t<\/div>\n\t\t\t\t<\/div>\n\t\t\t\t<div class=\"elementor-element elementor-element-54bde32 elementor-align-left elementor-widget elementor-widget-breadcrumbs\" data-id=\"54bde32\" data-element_type=\"widget\" data-e-type=\"widget\" data-widget_type=\"breadcrumbs.default\">\n\t\t\t\t<div class=\"elementor-widget-container\">\n\t\t\t\t\t<p id=\"breadcrumbs\"><span><span><a href=\"https:\/\/villa-bellevue.si\/sl\/\">Domov<\/a><\/span><\/span><\/p>\t\t\t\t<\/div>\n\t\t\t\t<\/div>\n\t\t\t\t<div class=\"elementor-element elementor-element-9efc9f6 elementor-widget elementor-widget-heading\" data-id=\"9efc9f6\" data-element_type=\"widget\" data-e-type=\"widget\" data-widget_type=\"heading.default\">\n\t\t\t\t<div class=\"elementor-widget-container\">\n\t\t\t\t\t<h2 class=\"elementor-heading-title elementor-size-default\">Pravilnik o pi\u0161kotkih<\/h2>\t\t\t\t<\/div>\n\t\t\t\t<\/div>\n\t\t\t\t<\/div>\n\t\t\t\t\t<\/div>\n\t\t\t\t<\/section>\n\t\t<section class=\"elementor-element elementor-element-977f58b standard-container e-flex e-con-boxed e-con e-parent\" data-id=\"977f58b\" data-element_type=\"container\" data-e-type=\"container\" data-settings=\"{&quot;jet_parallax_layout_list&quot;:[]}\">\n\t\t\t\t\t<div class=\"e-con-inner\">\n\t\t\t\t<div class=\"elementor-element elementor-element-00d09b8 elementor-widget elementor-widget-text-editor\" data-id=\"00d09b8\" data-element_type=\"widget\" data-e-type=\"widget\" data-widget_type=\"text-editor.default\">\n\t\t\t\t<div class=\"elementor-widget-container\">\n\t\t\t\t\t\t\t\t\t<h4>Pi\u0161kotki<\/h4><p>Pi\u0161kotki so majhne besedilne datoteke, ki jih spletna mesta, ki jih obi\u0161\u010dete, namestijo na va\u0161 ra\u010dunalnik. Spletna mesta uporabljajo pi\u0161kotke, ki uporabnikom pomagajo pri u\u010dinkoviti navigaciji in izvajanju dolo\u010denih funkcij. Pi\u0161kotke, ki so potrebni za pravilno delovanje spletnega mesta, je dovoljeno nastaviti brez va\u0161ega dovoljenja. Vse druge pi\u0161kotke je treba odobriti, preden jih je mogo\u010de nastaviti v brskalniku.   <\/p><p> <\/p><ul><li><b>Nujno potrebni pi\u0161kotki.<\/b> Nujno potrebni pi\u0161kotki omogo\u010dajo osnovne funkcije spletnega mesta, kot sta prijava uporabnikov in upravljanje ra\u010duna. Spletnega mesta ni mogo\u010de pravilno uporabljati brez nujno potrebnih pi\u0161kotkov. <\/li><li><b>Pi\u0161kotki za u\u010dinkovitost delovanja.<\/b> Pi\u0161kotki za u\u010dinkovitost delovanja se uporabljajo za spremljanje, kako obiskovalci uporabljajo spletno mesto, npr. analiti\u010dni pi\u0161kotki. Teh pi\u0161kotkov ni mogo\u010de uporabiti za neposredno identifikacijo dolo\u010denega obiskovalca.  <\/li><li><b>Ciljni pi\u0161kotki.<\/b> Ciljni pi\u0161kotki se uporabljajo za prepoznavanje obiskovalcev med razli\u010dnimi spletnimi mesti, npr. partnerji za vsebino, omre\u017eji s pasicami. Te pi\u0161kotke lahko podjetja uporabljajo za izdelavo profila interesov obiskovalcev ali za prikazovanje ustreznih oglasov na drugih spletnih mestih.  <\/li><li><b>Funkcionalni pi\u0161kotki.<\/b> Funkcionalni pi\u0161kotki se uporabljajo za pomnjenje podatkov o obiskovalcih na spletnem mestu, npr. jezik, \u010dasovni pas, izbolj\u0161ana vsebina. <\/li><\/ul><div class=\"cookie-report-container\"><p data-cookiereport=\"true\"> <\/p><p data-cookiereport=\"true\">Svoje soglasje za uporabo pi\u0161kotkov lahko spremenite spodaj.<\/p><p data-cookiereport=\"true\"> <\/p><\/div>\t\t\t\t\t\t\t\t<\/div>\n\t\t\t\t<\/div>\n\t\t\t\t<div class=\"elementor-element elementor-element-58d9a70 elementor-widget elementor-widget-text-editor\" data-id=\"58d9a70\" data-element_type=\"widget\" data-e-type=\"widget\" data-widget_type=\"text-editor.default\">\n\t\t\t\t<div class=\"elementor-widget-container\">\n\t\t\t\t\t\t\t\t\t<p><script type=\"text\/javascript\" charset=\"UTF-8\" data-cookiescriptreport=\"report\" src=\"\/\/report.cookie-script.com\/r\/28dea7065ee51a9006ce0a2c75cede9a.js\"><\/script><\/p>\t\t\t\t\t\t\t\t<\/div>\n\t\t\t\t<\/div>\n\t\t\t\t\t<\/div>\n\t\t\t\t<\/section>\n\t\t\t\t<\/div>\n\t\t","protected":false},"excerpt":{"rendered":"<p>Pravilnik o pi\u0161kotkih Pi\u0161kotki Pi\u0161kotki so majhne besedilne datoteke, ki jih spletna mesta, ki jih obi\u0161\u010dete, namestijo na va\u0161 ra\u010dunalnik. Spletna mesta uporabljajo pi\u0161kotke, ki uporabnikom pomagajo pri u\u010dinkoviti navigaciji in izvajanju dolo\u010denih funkcij. Pi\u0161kotke, ki so potrebni za pravilno delovanje spletnega mesta, je dovoljeno nastaviti brez va\u0161ega dovoljenja. Vse druge pi\u0161kotke je treba odobriti, [&hellip;]<\/p>\n","protected":false},"author":2,"featured_media":2575,"parent":0,"menu_order":0,"comment_status":"closed","ping_status":"closed","template":"","meta":{"footnotes":""},"class_list":["post-3255","page","type-page","status-publish","has-post-thumbnail","hentry"],"yoast_head":"<!-- This site is optimized with the Yoast SEO plugin v27.2 - https:\/\/yoast.com\/product\/yoast-seo-wordpress\/ -->\n<title>Pravilnik o pi\u0161kotkih - Villa Bellevue - Va\u0161a zasebnost nam je pomembna<\/title>\n<meta name=\"description\" content=\"Izvedite, kako Villa Bellevue uporablja pi\u0161kotke za izbolj\u0161anje va\u0161e izku\u0161nje in za\u0161\u010dito va\u0161e zasebnosti med obiskom.\" \/>\n<meta name=\"robots\" content=\"index, follow, max-snippet:-1, max-image-preview:large, max-video-preview:-1\" \/>\n<link rel=\"canonical\" href=\"https:\/\/villa-bellevue.si\/sl\/pravilnik-o-piskotkih\/\" \/>\n<meta property=\"og:locale\" content=\"sl_SI\" \/>\n<meta property=\"og:type\" content=\"article\" \/>\n<meta property=\"og:title\" content=\"Pravilnik o pi\u0161kotkih - Villa Bellevue - Va\u0161a zasebnost nam je pomembna\" \/>\n<meta property=\"og:description\" content=\"Izvedite, kako Villa Bellevue uporablja pi\u0161kotke za izbolj\u0161anje va\u0161e izku\u0161nje in za\u0161\u010dito va\u0161e zasebnosti med obiskom.\" \/>\n<meta property=\"og:url\" content=\"https:\/\/villa-bellevue.si\/sl\/pravilnik-o-piskotkih\/\" \/>\n<meta property=\"og:site_name\" content=\"Villa Bellevue\" \/>\n<meta property=\"article:publisher\" content=\"https:\/\/www.facebook.com\/villabellevueportoroz\" \/>\n<meta property=\"article:modified_time\" content=\"2025-12-01T22:19:09+00:00\" \/>\n<meta property=\"og:image\" content=\"https:\/\/villa-bellevue.si\/wp-content\/uploads\/2025\/04\/villa-bellevue-about-us-small-gallery-1.webp\" \/>\n\t<meta property=\"og:image:width\" content=\"376\" \/>\n\t<meta property=\"og:image:height\" content=\"277\" \/>\n\t<meta property=\"og:image:type\" content=\"image\/webp\" \/>\n<meta name=\"twitter:card\" content=\"summary_large_image\" \/>\n<meta name=\"twitter:label1\" content=\"Est. reading time\" \/>\n\t<meta name=\"twitter:data1\" content=\"1 minuta\" \/>\n<script type=\"application\/ld+json\" class=\"yoast-schema-graph\">{\"@context\":\"https:\/\/schema.org\",\"@graph\":[{\"@type\":\"WebPage\",\"@id\":\"https:\/\/villa-bellevue.si\/sl\/pravilnik-o-piskotkih\/\",\"url\":\"https:\/\/villa-bellevue.si\/sl\/pravilnik-o-piskotkih\/\",\"name\":\"Pravilnik o pi\u0161kotkih - Villa Bellevue - Va\u0161a zasebnost nam je pomembna\",\"isPartOf\":{\"@id\":\"https:\/\/villa-bellevue.si\/sl\/#website\"},\"primaryImageOfPage\":{\"@id\":\"https:\/\/villa-bellevue.si\/sl\/pravilnik-o-piskotkih\/#primaryimage\"},\"image\":{\"@id\":\"https:\/\/villa-bellevue.si\/sl\/pravilnik-o-piskotkih\/#primaryimage\"},\"thumbnailUrl\":\"https:\/\/villa-bellevue.si\/wp-content\/uploads\/2025\/04\/villa-bellevue-about-us-small-gallery-1.webp\",\"datePublished\":\"2025-03-25T09:52:15+00:00\",\"dateModified\":\"2025-12-01T22:19:09+00:00\",\"description\":\"Izvedite, kako Villa Bellevue uporablja pi\u0161kotke za izbolj\u0161anje va\u0161e izku\u0161nje in za\u0161\u010dito va\u0161e zasebnosti med obiskom.\",\"breadcrumb\":{\"@id\":\"https:\/\/villa-bellevue.si\/sl\/pravilnik-o-piskotkih\/#breadcrumb\"},\"inLanguage\":\"sl-SI\",\"potentialAction\":[{\"@type\":\"ReadAction\",\"target\":[\"https:\/\/villa-bellevue.si\/sl\/pravilnik-o-piskotkih\/\"]}]},{\"@type\":\"ImageObject\",\"inLanguage\":\"sl-SI\",\"@id\":\"https:\/\/villa-bellevue.si\/sl\/pravilnik-o-piskotkih\/#primaryimage\",\"url\":\"https:\/\/villa-bellevue.si\/wp-content\/uploads\/2025\/04\/villa-bellevue-about-us-small-gallery-1.webp\",\"contentUrl\":\"https:\/\/villa-bellevue.si\/wp-content\/uploads\/2025\/04\/villa-bellevue-about-us-small-gallery-1.webp\",\"width\":376,\"height\":277,\"caption\":\"Breakfast area at Villa Bellevue Portoro\u017e\"},{\"@type\":\"BreadcrumbList\",\"@id\":\"https:\/\/villa-bellevue.si\/sl\/pravilnik-o-piskotkih\/#breadcrumb\",\"itemListElement\":[{\"@type\":\"ListItem\",\"position\":1,\"name\":\"Domov\",\"item\":\"https:\/\/villa-bellevue.si\/sl\/\"},{\"@type\":\"ListItem\",\"position\":2,\"name\":\"Pravilnik o pi\u0161kotkih\"}]},{\"@type\":\"WebSite\",\"@id\":\"https:\/\/villa-bellevue.si\/sl\/#website\",\"url\":\"https:\/\/villa-bellevue.si\/sl\/\",\"name\":\"Villa Bellevue\",\"description\":\"Villa Bellevue\",\"publisher\":{\"@id\":\"https:\/\/villa-bellevue.si\/sl\/#organization\"},\"potentialAction\":[{\"@type\":\"SearchAction\",\"target\":{\"@type\":\"EntryPoint\",\"urlTemplate\":\"https:\/\/villa-bellevue.si\/sl\/?s={search_term_string}\"},\"query-input\":{\"@type\":\"PropertyValueSpecification\",\"valueRequired\":true,\"valueName\":\"search_term_string\"}}],\"inLanguage\":\"sl-SI\"},{\"@type\":\"Organization\",\"@id\":\"https:\/\/villa-bellevue.si\/sl\/#organization\",\"name\":\"Villa Bellevue\",\"url\":\"https:\/\/villa-bellevue.si\/sl\/\",\"logo\":{\"@type\":\"ImageObject\",\"inLanguage\":\"sl-SI\",\"@id\":\"https:\/\/villa-bellevue.si\/sl\/#\/schema\/logo\/image\/\",\"url\":\"https:\/\/villa-bellevue.si\/wp-content\/uploads\/2025\/03\/Group-1.svg\",\"contentUrl\":\"https:\/\/villa-bellevue.si\/wp-content\/uploads\/2025\/03\/Group-1.svg\",\"width\":209,\"height\":88,\"caption\":\"Villa Bellevue\"},\"image\":{\"@id\":\"https:\/\/villa-bellevue.si\/sl\/#\/schema\/logo\/image\/\"},\"sameAs\":[\"https:\/\/www.facebook.com\/villabellevueportoroz\",\"https:\/\/www.instagram.com\/villabellevueportoroz\/\"]}]}<\/script>\n<!-- \/ Yoast SEO plugin. -->","yoast_head_json":{"title":"Pravilnik o pi\u0161kotkih - Villa Bellevue - Va\u0161a zasebnost nam je pomembna","description":"Izvedite, kako Villa Bellevue uporablja pi\u0161kotke za izbolj\u0161anje va\u0161e izku\u0161nje in za\u0161\u010dito va\u0161e zasebnosti med obiskom.","robots":{"index":"index","follow":"follow","max-snippet":"max-snippet:-1","max-image-preview":"max-image-preview:large","max-video-preview":"max-video-preview:-1"},"canonical":"https:\/\/villa-bellevue.si\/sl\/pravilnik-o-piskotkih\/","og_locale":"sl_SI","og_type":"article","og_title":"Pravilnik o pi\u0161kotkih - Villa Bellevue - Va\u0161a zasebnost nam je pomembna","og_description":"Izvedite, kako Villa Bellevue uporablja pi\u0161kotke za izbolj\u0161anje va\u0161e izku\u0161nje in za\u0161\u010dito va\u0161e zasebnosti med obiskom.","og_url":"https:\/\/villa-bellevue.si\/sl\/pravilnik-o-piskotkih\/","og_site_name":"Villa Bellevue","article_publisher":"https:\/\/www.facebook.com\/villabellevueportoroz","article_modified_time":"2025-12-01T22:19:09+00:00","og_image":[{"width":376,"height":277,"url":"https:\/\/villa-bellevue.si\/wp-content\/uploads\/2025\/04\/villa-bellevue-about-us-small-gallery-1.webp","type":"image\/webp"}],"twitter_card":"summary_large_image","twitter_misc":{"Est. reading time":"1 minuta"},"schema":{"@context":"https:\/\/schema.org","@graph":[{"@type":"WebPage","@id":"https:\/\/villa-bellevue.si\/sl\/pravilnik-o-piskotkih\/","url":"https:\/\/villa-bellevue.si\/sl\/pravilnik-o-piskotkih\/","name":"Pravilnik o pi\u0161kotkih - Villa Bellevue - Va\u0161a zasebnost nam je pomembna","isPartOf":{"@id":"https:\/\/villa-bellevue.si\/sl\/#website"},"primaryImageOfPage":{"@id":"https:\/\/villa-bellevue.si\/sl\/pravilnik-o-piskotkih\/#primaryimage"},"image":{"@id":"https:\/\/villa-bellevue.si\/sl\/pravilnik-o-piskotkih\/#primaryimage"},"thumbnailUrl":"https:\/\/villa-bellevue.si\/wp-content\/uploads\/2025\/04\/villa-bellevue-about-us-small-gallery-1.webp","datePublished":"2025-03-25T09:52:15+00:00","dateModified":"2025-12-01T22:19:09+00:00","description":"Izvedite, kako Villa Bellevue uporablja pi\u0161kotke za izbolj\u0161anje va\u0161e izku\u0161nje in za\u0161\u010dito va\u0161e zasebnosti med obiskom.","breadcrumb":{"@id":"https:\/\/villa-bellevue.si\/sl\/pravilnik-o-piskotkih\/#breadcrumb"},"inLanguage":"sl-SI","potentialAction":[{"@type":"ReadAction","target":["https:\/\/villa-bellevue.si\/sl\/pravilnik-o-piskotkih\/"]}]},{"@type":"ImageObject","inLanguage":"sl-SI","@id":"https:\/\/villa-bellevue.si\/sl\/pravilnik-o-piskotkih\/#primaryimage","url":"https:\/\/villa-bellevue.si\/wp-content\/uploads\/2025\/04\/villa-bellevue-about-us-small-gallery-1.webp","contentUrl":"https:\/\/villa-bellevue.si\/wp-content\/uploads\/2025\/04\/villa-bellevue-about-us-small-gallery-1.webp","width":376,"height":277,"caption":"Breakfast area at Villa Bellevue Portoro\u017e"},{"@type":"BreadcrumbList","@id":"https:\/\/villa-bellevue.si\/sl\/pravilnik-o-piskotkih\/#breadcrumb","itemListElement":[{"@type":"ListItem","position":1,"name":"Domov","item":"https:\/\/villa-bellevue.si\/sl\/"},{"@type":"ListItem","position":2,"name":"Pravilnik o pi\u0161kotkih"}]},{"@type":"WebSite","@id":"https:\/\/villa-bellevue.si\/sl\/#website","url":"https:\/\/villa-bellevue.si\/sl\/","name":"Villa Bellevue","description":"Villa Bellevue","publisher":{"@id":"https:\/\/villa-bellevue.si\/sl\/#organization"},"potentialAction":[{"@type":"SearchAction","target":{"@type":"EntryPoint","urlTemplate":"https:\/\/villa-bellevue.si\/sl\/?s={search_term_string}"},"query-input":{"@type":"PropertyValueSpecification","valueRequired":true,"valueName":"search_term_string"}}],"inLanguage":"sl-SI"},{"@type":"Organization","@id":"https:\/\/villa-bellevue.si\/sl\/#organization","name":"Villa Bellevue","url":"https:\/\/villa-bellevue.si\/sl\/","logo":{"@type":"ImageObject","inLanguage":"sl-SI","@id":"https:\/\/villa-bellevue.si\/sl\/#\/schema\/logo\/image\/","url":"https:\/\/villa-bellevue.si\/wp-content\/uploads\/2025\/03\/Group-1.svg","contentUrl":"https:\/\/villa-bellevue.si\/wp-content\/uploads\/2025\/03\/Group-1.svg","width":209,"height":88,"caption":"Villa Bellevue"},"image":{"@id":"https:\/\/villa-bellevue.si\/sl\/#\/schema\/logo\/image\/"},"sameAs":["https:\/\/www.facebook.com\/villabellevueportoroz","https:\/\/www.instagram.com\/villabellevueportoroz\/"]}]}},"_links":{"self":[{"href":"https:\/\/villa-bellevue.si\/sl\/wp-json\/wp\/v2\/pages\/3255","targetHints":{"allow":["GET"]}}],"collection":[{"href":"https:\/\/villa-bellevue.si\/sl\/wp-json\/wp\/v2\/pages"}],"about":[{"href":"https:\/\/villa-bellevue.si\/sl\/wp-json\/wp\/v2\/types\/page"}],"author":[{"embeddable":true,"href":"https:\/\/villa-bellevue.si\/sl\/wp-json\/wp\/v2\/users\/2"}],"replies":[{"embeddable":true,"href":"https:\/\/villa-bellevue.si\/sl\/wp-json\/wp\/v2\/comments?post=3255"}],"version-history":[{"count":2,"href":"https:\/\/villa-bellevue.si\/sl\/wp-json\/wp\/v2\/pages\/3255\/revisions"}],"predecessor-version":[{"id":4349,"href":"https:\/\/villa-bellevue.si\/sl\/wp-json\/wp\/v2\/pages\/3255\/revisions\/4349"}],"wp:featuredmedia":[{"embeddable":true,"href":"https:\/\/villa-bellevue.si\/sl\/wp-json\/wp\/v2\/media\/2575"}],"wp:attachment":[{"href":"https:\/\/villa-bellevue.si\/sl\/wp-json\/wp\/v2\/media?parent=3255"}],"curies":[{"name":"wp","href":"https:\/\/api.w.org\/{rel}","templated":true}]}}